{"id":525,"date":"2023-06-23T14:46:05","date_gmt":"2023-06-23T12:46:05","guid":{"rendered":"https:\/\/sometame.com\/?page_id=525"},"modified":"2026-02-08T20:53:23","modified_gmt":"2026-02-08T19:53:23","slug":"ueber-werkstatt-sometame","status":"publish","type":"page","link":"https:\/\/sometame.com\/?page_id=525","title":{"rendered":"story of sometame."},"content":{"rendered":"\n<p class=\"has-text-align-left\">Auf dem Sperrm\u00fcll, in Zu-verschenken-Kisten, Secondhand, Erb- oder Fundst\u00fccke: Es gibt so viele Quellen f\u00fcr Textilien und anderen Materialien auf dieser Erde, denen man ein neues Leben schenken kann. Als ich vor Jahren meine erste N\u00e4hmaschine bekam, habe ich mit einem Stapel Stoffen aus dem Musteratelier des Arbeitgebers meiner besten Freundin meine ersten N\u00e4hversuche ohne Schnitt-muster gestartet. Mit den Jahren wuchs die Erfahrung und ich konnte mich endlich kreativ austoben. Beruflich hatte ich bis dato n\u00e4mlich eher weniger mit Textilien oder Kreativem Schaffen zu tun. Das \u00e4nderte sich als ich einen Abstecher ins Raumausstatterhandwerk wagte und eine Ausbildung als Polsterin begann. Leider nie zu Ende gebracht hatte ich aber in Sachen \u201eDinge wieder sch\u00f6n machen\u201c einiges an Know-how dazu gewonnen. Alte M\u00f6bel neu herrichten, Stoffe und Posamenten aussuchen, handwerklich arbeiten: ein wahr gewordener Traum. Nebenher hatte ich das Gl\u00fcck dass ich mein eigenes Atelier vergr\u00f6\u00dfern konnte. Die Ausbildung war also vorzeitig abgebrochen, ich musste mich neu aufstellen und in mir formte sich immer intensiver die Idee, aus dem was ich da startete etwas Cooles zu machen.&nbsp;<\/p>\n\n\n\n<p>Z\u00f6gerlich entstanden die ersten Produkte, h\u00e4ufig zum selbst tragen, manchmal f\u00fcr Freunde oder Familie. Die ersten Verkaufsversuche wagte ich im vergangenen Jahr und im Februar 2025 melde ich endlich mein Kleingewerbe an.<\/p>\n\n\n\n<p class=\"has-text-align-left\"><strong>werkstatt some\u2026 was?<\/strong><\/p>\n\n\n\n<p class=\"has-text-align-left\">In Teenagerzeiten damals wie heute von Musik inspiriert, faszinierte mich der Song \u201eTame\u201c von The Pixies. Angefangen hat es dann im Skatepark mit einem Filzstift auf die Rampen \u201eTAME.\u201c oder in meine Kladden zu schreiben, sp\u00e4ter malte ich meine ersten Bilder mit Acryl und schon war der K\u00fcnstlername geboren. Bis heute habe ich diesen Namen bei meiner gemalten Kunst nicht abgelegt und auch im  Textil-bereich wird er weitergef\u00fchrt. Das &#8222;Some&#8220; kam vor Jahren dazu, als es keine verf\u00fcgbare Domain f\u00fcr meinen Blog gab. Beides ist englisch und bedeutet so etwas wie &#8222;etwas Zahmes&#8220;.<\/p>\n\n\n\n<p><strong>Umwelt<\/strong><br>Ressourcen, Secondhand, Klimaschutz, Umweltverschmutzung, Nachhaltigkeit, Arbeitsbedingungen, Schnelllebigkeit spielen bei meiner Entscheidung vorwiegend Textilien zu retten und weiter zu verarbeiten eine gro\u00dfe Rolle. Denkst Du \u00fcber diese Begriffe nach, wenn du dir Kleidung oder neue Produkte kaufst?<\/p>\n\n\n\n<p><strong>Bewusstsein<\/strong><br>Ich will Bewusstsein f\u00fcr Kleidungsst\u00fccke schaffen &#8211; das spiegelt sich auch in meinen ausgefallenen Mustern oder Designs wieder und genau das m\u00f6chte ich an Dich weitergeben.<\/p>\n\n\n\n<p><strong>Fairness + Transparenz<\/strong><br>Ich arbeite mit geschenkten, gefundenen oder sehr g\u00fcnstig bezahlten Materialien und stelle die Produkte selber her. Ich kann bis jetzt nicht von meinem Werk leben, m\u00f6chte aber dennoch faire Preise anbieten und transparent sein. Was du mir f\u00fcr meine Produkte haupts\u00e4chlich zahlst, ist der Stundenlohn sowie Miet- und Fahrkosten. Die Material-kosten sind eher gering.<\/p>\n\n\n\n<p><strong>Upcycling<\/strong><br>Upcycling bedeutet, aus alten oder scheinbar nutzlosen Dingen neue, hochwertige Produkte zu machen &#8211; kreativ und nachhaltig.<\/p>\n\n\n\n<p><strong>Made in Bielefeld<\/strong><br>Alle Produkte werden von mir selbst in meinem Atelier in Bielefeld-Senne hergestellt. Ich verwende fast ausschlie\u00dflich recyclte und ausrangierte Materialien. Manchmal kommt es zu Verarbeitung von neuen Materialien bzw. Kurzwaren (bspw. Rei\u00df- oder Klettverschl\u00fcsse und weiteres).<\/p>\n\n\n<div class=\"wp-block-image\">\n<figure class=\"aligncenter size-large is-resized\"><img loading=\"lazy\" decoding=\"async\" width=\"768\" height=\"1024\" src=\"https:\/\/sometame.com\/wp-content\/uploads\/2025\/08\/IMG_3794-768x1024.jpeg\" alt=\"\" class=\"wp-image-679\" style=\"width:500px;height:auto\" srcset=\"https:\/\/sometame.com\/wp-content\/uploads\/2025\/08\/IMG_3794-768x1024.jpeg 768w, https:\/\/sometame.com\/wp-content\/uploads\/2025\/08\/IMG_3794-225x300.jpeg 225w, https:\/\/sometame.com\/wp-content\/uploads\/2025\/08\/IMG_3794-1152x1536.jpeg 1152w, https:\/\/sometame.com\/wp-content\/uploads\/2025\/08\/IMG_3794-1536x2048.jpeg 1536w, https:\/\/sometame.com\/wp-content\/uploads\/2025\/08\/IMG_3794-600x800.jpeg 600w, https:\/\/sometame.com\/wp-content\/uploads\/2025\/08\/IMG_3794-scaled.jpeg 1920w\" sizes=\"auto, (max-width: 768px) 100vw, 768px\" \/><\/figure><\/div>\n\n\n<p><\/p>\n\n\n\n<ul class=\"wp-block-social-links is-layout-flex wp-block-social-links-is-layout-flex\"><li class=\"wp-social-link wp-social-link-instagram  wp-block-social-link\"><a href=\"https:\/\/www.instagram.com\/Werkstatt_sometame\" class=\"wp-block-social-link-anchor\"><svg width=\"24\" height=\"24\" viewBox=\"0 0 24 24\" version=\"1.1\" xmlns=\"http:\/\/www.w3.org\/2000\/svg\" aria-hidden=\"true\" focusable=\"false\"><path d=\"M12,4.622c2.403,0,2.688,0.009,3.637,0.052c0.877,0.04,1.354,0.187,1.671,0.31c0.42,0.163,0.72,0.358,1.035,0.673 c0.315,0.315,0.51,0.615,0.673,1.035c0.123,0.317,0.27,0.794,0.31,1.671c0.043,0.949,0.052,1.234,0.052,3.637 s-0.009,2.688-0.052,3.637c-0.04,0.877-0.187,1.354-0.31,1.671c-0.163,0.42-0.358,0.72-0.673,1.035 c-0.315,0.315-0.615,0.51-1.035,0.673c-0.317,0.123-0.794,0.27-1.671,0.31c-0.949,0.043-1.233,0.052-3.637,0.052 s-2.688-0.009-3.637-0.052c-0.877-0.04-1.354-0.187-1.671-0.31c-0.42-0.163-0.72-0.358-1.035-0.673 c-0.315-0.315-0.51-0.615-0.673-1.035c-0.123-0.317-0.27-0.794-0.31-1.671C4.631,14.688,4.622,14.403,4.622,12 s0.009-2.688,0.052-3.637c0.04-0.877,0.187-1.354,0.31-1.671c0.163-0.42,0.358-0.72,0.673-1.035 c0.315-0.315,0.615-0.51,1.035-0.673c0.317-0.123,0.794-0.27,1.671-0.31C9.312,4.631,9.597,4.622,12,4.622 M12,3 C9.556,3,9.249,3.01,8.289,3.054C7.331,3.098,6.677,3.25,6.105,3.472C5.513,3.702,5.011,4.01,4.511,4.511 c-0.5,0.5-0.808,1.002-1.038,1.594C3.25,6.677,3.098,7.331,3.054,8.289C3.01,9.249,3,9.556,3,12c0,2.444,0.01,2.751,0.054,3.711 c0.044,0.958,0.196,1.612,0.418,2.185c0.23,0.592,0.538,1.094,1.038,1.594c0.5,0.5,1.002,0.808,1.594,1.038 c0.572,0.222,1.227,0.375,2.185,0.418C9.249,20.99,9.556,21,12,21s2.751-0.01,3.711-0.054c0.958-0.044,1.612-0.196,2.185-0.418 c0.592-0.23,1.094-0.538,1.594-1.038c0.5-0.5,0.808-1.002,1.038-1.594c0.222-0.572,0.375-1.227,0.418-2.185 C20.99,14.751,21,14.444,21,12s-0.01-2.751-0.054-3.711c-0.044-0.958-0.196-1.612-0.418-2.185c-0.23-0.592-0.538-1.094-1.038-1.594 c-0.5-0.5-1.002-0.808-1.594-1.038c-0.572-0.222-1.227-0.375-2.185-0.418C14.751,3.01,14.444,3,12,3L12,3z M12,7.378 c-2.552,0-4.622,2.069-4.622,4.622S9.448,16.622,12,16.622s4.622-2.069,4.622-4.622S14.552,7.378,12,7.378z M12,15 c-1.657,0-3-1.343-3-3s1.343-3,3-3s3,1.343,3,3S13.657,15,12,15z M16.804,6.116c-0.596,0-1.08,0.484-1.08,1.08 s0.484,1.08,1.08,1.08c0.596,0,1.08-0.484,1.08-1.08S17.401,6.116,16.804,6.116z\"><\/path><\/svg><span class=\"wp-block-social-link-label screen-reader-text\">Instagram<\/span><\/a><\/li>\n\n<li class=\"wp-social-link wp-social-link-etsy  wp-block-social-link\"><a href=\"https:\/\/sometame.etsy.com\" class=\"wp-block-social-link-anchor\"><svg width=\"24\" height=\"24\" viewBox=\"0 0 24 24\" version=\"1.1\" xmlns=\"http:\/\/www.w3.org\/2000\/svg\" aria-hidden=\"true\" focusable=\"false\"><path d=\"M9.16033,4.038c0-.27174.02717-.43478.48913-.43478h6.22283c1.087,0,1.68478.92391,2.11957,2.663l.35326,1.38587h1.05978C19.59511,3.712,19.75815,2,19.75815,2s-2.663.29891-4.23913.29891h-7.962L3.29076,2.163v1.1413L4.731,3.57609c1.00543.19022,1.25.40761,1.33152,1.33152,0,0,.08152,2.71739.08152,7.20109s-.08152,7.17391-.08152,7.17391c0,.81522-.32609,1.11413-1.33152,1.30435l-1.44022.27174V22l4.2663-.13587h7.11957c1.60326,0,5.32609.13587,5.32609.13587.08152-.97826.625-5.40761.70652-5.89674H19.7038L18.644,18.52174c-.84239,1.90217-2.06522,2.038-3.42391,2.038H11.1712c-1.3587,0-2.01087-.54348-2.01087-1.712V12.65217s3.0163,0,3.99457.08152c.76087.05435,1.22283.27174,1.46739,1.33152l.32609,1.413h1.16848l-.08152-3.55978.163-3.587H15.02989l-.38043,1.57609c-.24457,1.03261-.40761,1.22283-1.46739,1.33152-1.38587.13587-4.02174.1087-4.02174.1087Z\"><\/path><\/svg><span class=\"wp-block-social-link-label screen-reader-text\">Etsy<\/span><\/a><\/li>\n\n<li class=\"wp-social-link wp-social-link-pinterest  wp-block-social-link\"><a href=\"https:\/\/pin.it\/1ZLvvcdte\" class=\"wp-block-social-link-anchor\"><svg width=\"24\" height=\"24\" viewBox=\"0 0 24 24\" version=\"1.1\" xmlns=\"http:\/\/www.w3.org\/2000\/svg\" aria-hidden=\"true\" focusable=\"false\"><path d=\"M12.289,2C6.617,2,3.606,5.648,3.606,9.622c0,1.846,1.025,4.146,2.666,4.878c0.25,0.111,0.381,0.063,0.439-0.169 c0.044-0.175,0.267-1.029,0.365-1.428c0.032-0.128,0.017-0.237-0.091-0.362C6.445,11.911,6.01,10.75,6.01,9.668 c0-2.777,2.194-5.464,5.933-5.464c3.23,0,5.49,2.108,5.49,5.122c0,3.407-1.794,5.768-4.13,5.768c-1.291,0-2.257-1.021-1.948-2.277 c0.372-1.495,1.089-3.112,1.089-4.191c0-0.967-0.542-1.775-1.663-1.775c-1.319,0-2.379,1.309-2.379,3.059 c0,1.115,0.394,1.869,0.394,1.869s-1.302,5.279-1.54,6.261c-0.405,1.666,0.053,4.368,0.094,4.604 c0.021,0.126,0.167,0.169,0.25,0.063c0.129-0.165,1.699-2.419,2.142-4.051c0.158-0.59,0.817-2.995,0.817-2.995 c0.43,0.784,1.681,1.446,3.013,1.446c3.963,0,6.822-3.494,6.822-7.833C20.394,5.112,16.849,2,12.289,2\"><\/path><\/svg><span class=\"wp-block-social-link-label screen-reader-text\">Pinterest<\/span><\/a><\/li><\/ul>\n","protected":false},"excerpt":{"rendered":"<p>Auf dem Sperrm\u00fcll, in Zu-verschenken-Kisten, Secondhand, Erb- oder Fundst\u00fccke: Es gibt so viele Quellen f\u00fcr Textilien und anderen Materialien auf dieser Erde, denen man ein neues Leben schenken kann. Als ich vor Jahren meine erste N\u00e4hmaschine bekam, habe ich mit einem Stapel Stoffen aus dem Musteratelier des Arbeitgebers meiner besten Freundin meine ersten N\u00e4hversuche ohne&hellip; <a class=\"more-link\" href=\"https:\/\/sometame.com\/?page_id=525\"><span class=\"screen-reader-text\">story of sometame.<\/span> weiterlesen<\/a><\/p>\n","protected":false},"author":2,"featured_media":0,"parent":0,"menu_order":0,"comment_status":"closed","ping_status":"closed","template":"","meta":{"footnotes":""},"class_list":["post-525","page","type-page","status-publish","hentry","entry"],"_links":{"self":[{"href":"https:\/\/sometame.com\/index.php?rest_route=\/wp\/v2\/pages\/525","targetHints":{"allow":["GET"]}}],"collection":[{"href":"https:\/\/sometame.com\/index.php?rest_route=\/wp\/v2\/pages"}],"about":[{"href":"https:\/\/sometame.com\/index.php?rest_route=\/wp\/v2\/types\/page"}],"author":[{"embeddable":true,"href":"https:\/\/sometame.com\/index.php?rest_route=\/wp\/v2\/users\/2"}],"replies":[{"embeddable":true,"href":"https:\/\/sometame.com\/index.php?rest_route=%2Fwp%2Fv2%2Fcomments&post=525"}],"version-history":[{"count":29,"href":"https:\/\/sometame.com\/index.php?rest_route=\/wp\/v2\/pages\/525\/revisions"}],"predecessor-version":[{"id":738,"href":"https:\/\/sometame.com\/index.php?rest_route=\/wp\/v2\/pages\/525\/revisions\/738"}],"wp:attachment":[{"href":"https:\/\/sometame.com\/index.php?rest_route=%2Fwp%2Fv2%2Fmedia&parent=525"}],"curies":[{"name":"wp","href":"https:\/\/api.w.org\/{rel}","templated":true}]}}